{"id":5342,"date":"2023-04-11T11:25:31","date_gmt":"2023-04-11T11:25:31","guid":{"rendered":"http:\/\/demo.mypits.org:15518\/?page_id=5342"},"modified":"2026-03-13T11:02:40","modified_gmt":"2026-03-13T11:02:40","slug":"autumn-hiking","status":"publish","type":"page","link":"https:\/\/www.sonnenhof.li\/en\/autumn-hiking\/","title":{"rendered":"Autumn Hiking"},"content":{"rendered":"<div class=\"wpb-content-wrapper\"><p>[vc_row][vc_column]<div class=\"inner_page_banner\" >\n                    <img decoding=\"async\" class=\"\" src=\"https:\/\/www.sonnenhof.li\/wp-content\/uploads\/2023\/02\/Fuerstin-Gina-03.png\" alt=\"\">\n                    <div class=\"inner_banner_text_wrap\"><p class=\"ban_subtitle\">AUTUMN<\/p>\n                        <p class=\"ban_title\">Hiking<\/p>\n                    <\/div><section class=\"room-reservation-form\" id=\"reservationForm\">\n                        \n                        <button class=\"close-btn\" id=\"closeFormBtn\"><\/button>\n        \n                        <div>\n                            <a class=\"button -secondary\" href=\"https:\/\/onepagebooking.com\/park-hotel-sonnenhof?lang=en\" target=\"_blank\">BOOK A ROOM<\/a>\n\n                            <a class=\"button -secondary\" href=\"https:\/\/widget.thefork.com\/en-GB\/4a30ebd8-b648-4e60-8a83-e0c37f3138e5\" target=\"_blank\">BOOK A TABLE<\/a>\n                            \n                            <a class=\"button -secondary\" href=\"https:\/\/shop.e-guma.ch\/parkhotel-sonnenhof-liechtenstein-vaduz\/en\/gift-vouchers\" target=\"_blank\">ORDER VOUCHER<\/a>\n                        <\/div>\n                    <\/section><\/div><div class=\"title_block \"><h6><\/h6>\n                        <h2>There is a natural paradise around the Sonnenhof, with more than 75 km of hiking routes, fixed-rope routes and walking trails for every taste. Whether you want to stroll through the fragrant autumn forests or climb to nearby peaks in exciting anticipation - unique experiences await you amidst a breathtaking panorama.<\/h2><\/div> [vc_row_inner][vc_column_inner]<div class=\"image_content_block\"  ><div class=\"container\">\n\t\t\t\t\t<div class=\"inner_blk_content\">\n\t\t\t\t\t<div class=\"row\"><div class=\"col-md-12 col-lg-5\">\n\t\t\t\t\t\t<div class=\"cnt_lft\"><div class=\"ban_icn_img\" >\n\t\t\t\t\t\t<img decoding=\"async\" src=\"https:\/\/www.sonnenhof.li\/wp-content\/uploads\/2021\/11\/Group-374.svg\" class=\"icn_img\"> \n\t\t\t\t\t\t<\/div>\n\t\t\t\t\t\t\t<p class=\"sub_title\"><\/p>\n\t\t\t\t\t\t\t<p class=\"title\">The Alpspitz is Calling<\/p>\n\t\t\t\t\t\t\t<p class=\"details\">An alpine path swings up in loops through a pasture slope to the B\u00e4rg\u00e4lla Alp and B\u00e4rg\u00e4lla-Sattel. Here, your gaze sweeps over the panorama of autumnal colors of the Liechtenstein Alps with valleys and peaks. Amid pine forests, the path leads up to Liechtenstein&#8217;s geographical center, the Alpspitz, with the oldest summit cross in Liechtenstein. A breathtaking view awaits you.<\/p><div class=\"links\"><div class=\"button-link\">\n\t\t\t\t\t\t\t\t\t\t\t\t\t\t\t\t\t<a href = \"https:\/\/tourismus.li\/en\/lie\/tour\/To%20the%20summit%20cross%20of%20Alpspitz\/\" class=\"read-more\" target=\"_blank\">MORE<\/a>\n\t\t\t\t\t\t\t\t\t\t\t\t\t\t\t\t<\/div>\t\t\t<\/div>\n\t\t\t\t\t\t<\/div>\n\t\t\t\t\t\t<\/div>\n\t\t\t\t\t\t<div class=\"col-md-12 col-lg-7\">\n\t\t\t\t\t\t\t<div class=\"img_ryt_wrap\">\n\t\t\t\t\t\t\t\t<img class = \"\" src = \"https:\/\/www.sonnenhof.li\/wp-content\/uploads\/2021\/10\/Alpspitz-01-880x930.png\" alt=\"\">\n\t\t\t\t\t\t\t<\/div>\n\t\t\t\t\t\t<\/div><\/div>\n\t\t\t\t<\/div>\n\t\t\t<\/div>\n\t\t<\/div><div class=\"image_content_block\"  ><div class=\"container\">\n\t\t\t\t\t<div class=\"inner_blk_content\">\n\t\t\t\t\t<div class=\"row\"><div class=\"col-md-12 col-lg-7\">\n\t\t\t\t\t\t\t<div class=\"img_lft_wrap\">\n\t\t\t\t\t\t\t\t<img class = \"\" src = \"https:\/\/www.sonnenhof.li\/wp-content\/uploads\/2021\/10\/Fu\u0308rstin-Gina-Augstenberg-01-880x930.png\" alt=\"\">\n\t\t\t\t\t\t\t<\/div>\n\t\t\t\t\t\t<\/div>\n\t\t\t\t\t\t<div class=\"col-md-12 col-lg-5\">\n\t\t\t\t\t\t\t<div class=\"cnt_ryt\"><div class=\"ban_icn_img\" >\n\t\t\t\t\t\t<img decoding=\"async\" src=\"https:\/\/www.sonnenhof.li\/wp-content\/uploads\/2021\/11\/Group-374.svg\" class=\"icn_img\"> \n\t\t\t\t\t\t<\/div><p class=\"sub_title\"><\/p>\n\t\t\t\t\t\t\t\t<p class=\"title\">Princess Gina Trail<\/p>\n\t\t\t\t\t\t\t\t<p class=\"details\">Experience one of the most beautiful circular mountain hiking trails in the area and immerse yourself in the golden colors of autumn. You will hike on a ridge from Malbun over the Nenzinger Himmel to the summit cross on the Augstenberg. You will be rewarded with a unique panoramic view stretching from the Falknis chain to the Schesaplanastock.<\/p><div class=\"links\"><div class=\"button-link\">\n\t\t\t\t\t\t\t\t\t\t\t\t\t\t\t\t\t\t<a href = \"https:\/\/tourismus.li\/en\/lie\/tour\/F%C3%BCrstin-Gina-Weg\/\" class=\"read-more\" target=\"_blank\">MORE<\/a>\n\t\t\t\t\t\t\t\t\t\t\t\t\t\t\t\t\t<\/div>\t\t\t<\/div>\n\t\t\t\t\t\t\t<\/div>\n\t\t\t\t\t\t<\/div><\/div>\n\t\t\t\t<\/div>\n\t\t\t<\/div>\n\t\t<\/div><div class=\"image_content_block\"  ><div class=\"container\">\n\t\t\t\t\t<div class=\"inner_blk_content\">\n\t\t\t\t\t<div class=\"row\"><div class=\"col-md-12 col-lg-5\">\n\t\t\t\t\t\t<div class=\"cnt_lft\"><div class=\"ban_icn_img\" >\n\t\t\t\t\t\t<img decoding=\"async\" src=\"https:\/\/www.sonnenhof.li\/wp-content\/uploads\/2021\/11\/Group-374.svg\" class=\"icn_img\"> \n\t\t\t\t\t\t<\/div>\n\t\t\t\t\t\t\t<p class=\"sub_title\"><\/p>\n\t\t\t\t\t\t\t<p class=\"title\">Splendid Sch\u00f6nberg<\/p>\n\t\t\t\t\t\t\t<p class=\"details\">This pleasant hike at altitude takes you through an autumnal sea of blossoms in the midst of the Liechtenstein Alps. The beautiful view of the surrounding mountains and the less arduous ascent will make the Sch\u00f6nberg a favorite hiking destination.<\/p><div class=\"links\"><div class=\"button-link\">\n\t\t\t\t\t\t\t\t\t\t\t\t\t\t\t\t\t<a href = \"https:\/\/tourismus.li\/en\/lie\/tour\/From%20Malbun%20to%20the%20Sch%C3%B6nberg\/\" class=\"read-more\" target=\"_blank\">MORE<\/a>\n\t\t\t\t\t\t\t\t\t\t\t\t\t\t\t\t<\/div>\t\t\t<\/div>\n\t\t\t\t\t\t<\/div>\n\t\t\t\t\t\t<\/div>\n\t\t\t\t\t\t<div class=\"col-md-12 col-lg-7\">\n\t\t\t\t\t\t\t<div class=\"img_ryt_wrap\">\n\t\t\t\t\t\t\t\t<img class = \"\" src = \"https:\/\/www.sonnenhof.li\/wp-content\/uploads\/2021\/10\/Scho\u0308nberg-01-880x930.png\" alt=\"\">\n\t\t\t\t\t\t\t<\/div>\n\t\t\t\t\t\t<\/div><\/div>\n\t\t\t\t<\/div>\n\t\t\t<\/div>\n\t\t<\/div><div class=\"image_content_block\"  ><div class=\"container\">\n\t\t\t\t\t<div class=\"inner_blk_content\">\n\t\t\t\t\t<div class=\"row\"><div class=\"col-md-12 col-lg-7\">\n\t\t\t\t\t\t\t<div class=\"img_lft_wrap\">\n\t\t\t\t\t\t\t\t<img class = \"\" src = \"https:\/\/www.sonnenhof.li\/wp-content\/uploads\/2022\/12\/EinLand-N-01-1-880x930.png\" alt=\"\">\n\t\t\t\t\t\t\t<\/div>\n\t\t\t\t\t\t<\/div>\n\t\t\t\t\t\t<div class=\"col-md-12 col-lg-5\">\n\t\t\t\t\t\t\t<div class=\"cnt_ryt\"><div class=\"ban_icn_img\" >\n\t\t\t\t\t\t<img decoding=\"async\" src=\"https:\/\/www.sonnenhof.li\/wp-content\/uploads\/2021\/11\/Group-374.svg\" class=\"icn_img\"> \n\t\t\t\t\t\t<\/div><p class=\"sub_title\"><\/p>\n\t\t\t\t\t\t\t\t<p class=\"title\">One Country, One Path<\/p>\n\t\t\t\t\t\t\t\t<p class=\"details\">You can experience the Principality on the Liechtenstein Trail. This 75 km trail connects all of Liechtenstein&#8217;s municipalities and offers a total of 147 historical sites, events and adventure stations. You can arrange your daily stages yourself, just as the autumnal mood allows. We will take you to the desired starting point and will be happy to pick you up again.<\/p><div class=\"links\"><div class=\"button-link\">\n\t\t\t\t\t\t\t\t\t\t\t\t\t\t\t\t\t\t<a href = \"https:\/\/tourismus.li\/en\/activities\/summer-in-liechtenstein\/the-liechtenstein-trail\/one-country-one-trail\/\" class=\"read-more\" target=\"_blank\">MORE<\/a>\n\t\t\t\t\t\t\t\t\t\t\t\t\t\t\t\t\t<\/div><div class=\"button-link\">\n\t\t\t\t\t\t\t\t\t\t\t\t\t\t\t\t\t\t<a href = \"https:\/\/sonnenhof.li\/en\/offers-all\/one-country-one-path\/\" class=\"read-more\" target=\"\">TO THE OFFER<\/a>\n\t\t\t\t\t\t\t\t\t\t\t\t\t\t\t\t\t<\/div>\t\t\t<\/div>\n\t\t\t\t\t\t\t<\/div>\n\t\t\t\t\t\t<\/div><\/div>\n\t\t\t\t<\/div>\n\t\t\t<\/div>\n\t\t<\/div>[\/vc_column_inner][\/vc_row_inner]<div class=\"content_banner\" >\n\t\t\t\t\t\t\t\t\t\t\t<img class = \"content_banner_img_wrapper\" src = \"https:\/\/www.sonnenhof.li\/wp-content\/uploads\/2021\/10\/Pfa\u0308lzerhu\u0308tte-03-1740x1125.png\" alt=\"\">\n\t\t\t\t\t\t\t\t\t\t\t<div class=\"cnt_ban_ct_wrap\"><div class=\"ftr_icn_img\"><img class = \"icn_img\" src = \"https:\/\/www.sonnenhof.li\/wp-content\/uploads\/2021\/11\/Group-374.svg\"><\/div><p class=\"cnt_sb_txt\"><\/p>\n                                        <p class=\"cnt_title\">More Hiking in Autumn?<\/p><a href = \"\" target=\"\"><\/a><\/div>\n\t\t\t\t<\/div><div class=\"title_block \"><h6><\/h6>\n                        <h2>Search and book your individual hiking tour, easy or challenging with our expert in hiking \u2013 Hiking Kathi<\/h2><a href = \"https:\/\/wander-kathi.li\" target=\"_blank\">MORE<\/a><\/div> [\/vc_column][\/vc_row]<\/p>\n<\/div>","protected":false},"excerpt":{"rendered":"<p>[vc_row][vc_column][vc_row_inner][vc_column_inner][\/vc_column_inner][\/vc_row_inner][\/vc_column][\/vc_row]<\/p>\n","protected":false},"author":2,"featured_media":0,"parent":0,"menu_order":0,"comment_status":"closed","ping_status":"closed","template":"","meta":{"_acf_changed":false,"footnotes":""},"class_list":["post-5342","page","type-page","status-publish","hentry"],"acf":[],"yoast_head":"<!-- This site is optimized with the Yoast SEO Premium plugin v27.2 (Yoast SEO v27.3) - https:\/\/yoast.com\/product\/yoast-seo-premium-wordpress\/ -->\n<title>Autumn hiking in Liechtenstein | Park Hotel Sonnenhof<\/title>\n<meta name=\"description\" content=\"Discover autumn hiking in Liechtenstein with Park Hotel Sonnenhof in Vaduz, featuring 75 km of trails, alpine panoramas, and memorable nature experiences.\" \/>\n<meta name=\"robots\" content=\"index, follow, max-snippet:-1, max-image-preview:large, max-video-preview:-1\" \/>\n<link rel=\"canonical\" href=\"https:\/\/www.sonnenhof.li\/en\/autumn-hiking\/\" \/>\n<meta property=\"og:locale\" content=\"en_US\" \/>\n<meta property=\"og:type\" content=\"article\" \/>\n<meta property=\"og:title\" content=\"Autumn hiking in Liechtenstein | Park Hotel Sonnenhof\" \/>\n<meta property=\"og:description\" content=\"Discover autumn hiking in Liechtenstein with Park Hotel Sonnenhof in Vaduz, featuring 75 km of trails, alpine panoramas, and memorable nature experiences.\" \/>\n<meta property=\"og:url\" content=\"https:\/\/www.sonnenhof.li\/en\/autumn-hiking\/\" \/>\n<meta property=\"og:site_name\" content=\"Park Hotel Sonnenhof\" \/>\n<meta property=\"article:publisher\" content=\"https:\/\/www.facebook.com\/Sonnenhof.li\/\" \/>\n<meta property=\"article:modified_time\" content=\"2026-03-13T11:02:40+00:00\" \/>\n<meta name=\"twitter:card\" content=\"summary_large_image\" \/>\n<meta name=\"twitter:label1\" content=\"Est. reading time\" \/>\n\t<meta name=\"twitter:data1\" content=\"2 minutes\" \/>\n<script type=\"application\/ld+json\" class=\"yoast-schema-graph\">{\"@context\":\"https:\\\/\\\/schema.org\",\"@graph\":[{\"@type\":\"WebPage\",\"@id\":\"https:\\\/\\\/www.sonnenhof.li\\\/en\\\/autumn-hiking\\\/\",\"url\":\"https:\\\/\\\/www.sonnenhof.li\\\/en\\\/autumn-hiking\\\/\",\"name\":\"Autumn hiking in Liechtenstein | Park Hotel Sonnenhof\",\"isPartOf\":{\"@id\":\"https:\\\/\\\/www.sonnenhof.li\\\/en\\\/#website\"},\"datePublished\":\"2023-04-11T11:25:31+00:00\",\"dateModified\":\"2026-03-13T11:02:40+00:00\",\"description\":\"Discover autumn hiking in Liechtenstein with Park Hotel Sonnenhof in Vaduz, featuring 75 km of trails, alpine panoramas, and memorable nature experiences.\",\"inLanguage\":\"en-US\",\"potentialAction\":[{\"@type\":\"ReadAction\",\"target\":[\"https:\\\/\\\/www.sonnenhof.li\\\/en\\\/autumn-hiking\\\/\"]}]},{\"@type\":\"WebSite\",\"@id\":\"https:\\\/\\\/www.sonnenhof.li\\\/en\\\/#website\",\"url\":\"https:\\\/\\\/www.sonnenhof.li\\\/en\\\/\",\"name\":\"Park Hotel Sonnenhof\",\"description\":\"Just another WordPress site\",\"publisher\":{\"@id\":\"https:\\\/\\\/www.sonnenhof.li\\\/en\\\/#organization\"},\"potentialAction\":[{\"@type\":\"SearchAction\",\"target\":{\"@type\":\"EntryPoint\",\"urlTemplate\":\"https:\\\/\\\/www.sonnenhof.li\\\/en\\\/?s={search_term_string}\"},\"query-input\":{\"@type\":\"PropertyValueSpecification\",\"valueRequired\":true,\"valueName\":\"search_term_string\"}}],\"inLanguage\":\"en-US\"},{\"@type\":\"Organization\",\"@id\":\"https:\\\/\\\/www.sonnenhof.li\\\/en\\\/#organization\",\"name\":\"Park Hotel Sonnenhof\",\"url\":\"https:\\\/\\\/www.sonnenhof.li\\\/en\\\/\",\"logo\":{\"@type\":\"ImageObject\",\"inLanguage\":\"en-US\",\"@id\":\"https:\\\/\\\/www.sonnenhof.li\\\/en\\\/#\\\/schema\\\/logo\\\/image\\\/\",\"url\":\"https:\\\/\\\/www.sonnenhof.li\\\/wp-content\\\/uploads\\\/2021\\\/10\\\/logo.svg\",\"contentUrl\":\"https:\\\/\\\/www.sonnenhof.li\\\/wp-content\\\/uploads\\\/2021\\\/10\\\/logo.svg\",\"caption\":\"Park Hotel Sonnenhof\"},\"image\":{\"@id\":\"https:\\\/\\\/www.sonnenhof.li\\\/en\\\/#\\\/schema\\\/logo\\\/image\\\/\"},\"sameAs\":[\"https:\\\/\\\/www.facebook.com\\\/Sonnenhof.li\\\/\",\"https:\\\/\\\/www.instagram.com\\\/parkhotel_sonnenhof\\\/\"]}]}<\/script>\n<!-- \/ Yoast SEO Premium plugin. -->","yoast_head_json":{"title":"Autumn hiking in Liechtenstein | Park Hotel Sonnenhof","description":"Discover autumn hiking in Liechtenstein with Park Hotel Sonnenhof in Vaduz, featuring 75 km of trails, alpine panoramas, and memorable nature experiences.","robots":{"index":"index","follow":"follow","max-snippet":"max-snippet:-1","max-image-preview":"max-image-preview:large","max-video-preview":"max-video-preview:-1"},"canonical":"https:\/\/www.sonnenhof.li\/en\/autumn-hiking\/","og_locale":"en_US","og_type":"article","og_title":"Autumn hiking in Liechtenstein | Park Hotel Sonnenhof","og_description":"Discover autumn hiking in Liechtenstein with Park Hotel Sonnenhof in Vaduz, featuring 75 km of trails, alpine panoramas, and memorable nature experiences.","og_url":"https:\/\/www.sonnenhof.li\/en\/autumn-hiking\/","og_site_name":"Park Hotel Sonnenhof","article_publisher":"https:\/\/www.facebook.com\/Sonnenhof.li\/","article_modified_time":"2026-03-13T11:02:40+00:00","twitter_card":"summary_large_image","twitter_misc":{"Est. reading time":"2 minutes"},"schema":{"@context":"https:\/\/schema.org","@graph":[{"@type":"WebPage","@id":"https:\/\/www.sonnenhof.li\/en\/autumn-hiking\/","url":"https:\/\/www.sonnenhof.li\/en\/autumn-hiking\/","name":"Autumn hiking in Liechtenstein | Park Hotel Sonnenhof","isPartOf":{"@id":"https:\/\/www.sonnenhof.li\/en\/#website"},"datePublished":"2023-04-11T11:25:31+00:00","dateModified":"2026-03-13T11:02:40+00:00","description":"Discover autumn hiking in Liechtenstein with Park Hotel Sonnenhof in Vaduz, featuring 75 km of trails, alpine panoramas, and memorable nature experiences.","inLanguage":"en-US","potentialAction":[{"@type":"ReadAction","target":["https:\/\/www.sonnenhof.li\/en\/autumn-hiking\/"]}]},{"@type":"WebSite","@id":"https:\/\/www.sonnenhof.li\/en\/#website","url":"https:\/\/www.sonnenhof.li\/en\/","name":"Park Hotel Sonnenhof","description":"Just another WordPress site","publisher":{"@id":"https:\/\/www.sonnenhof.li\/en\/#organization"},"potentialAction":[{"@type":"SearchAction","target":{"@type":"EntryPoint","urlTemplate":"https:\/\/www.sonnenhof.li\/en\/?s={search_term_string}"},"query-input":{"@type":"PropertyValueSpecification","valueRequired":true,"valueName":"search_term_string"}}],"inLanguage":"en-US"},{"@type":"Organization","@id":"https:\/\/www.sonnenhof.li\/en\/#organization","name":"Park Hotel Sonnenhof","url":"https:\/\/www.sonnenhof.li\/en\/","logo":{"@type":"ImageObject","inLanguage":"en-US","@id":"https:\/\/www.sonnenhof.li\/en\/#\/schema\/logo\/image\/","url":"https:\/\/www.sonnenhof.li\/wp-content\/uploads\/2021\/10\/logo.svg","contentUrl":"https:\/\/www.sonnenhof.li\/wp-content\/uploads\/2021\/10\/logo.svg","caption":"Park Hotel Sonnenhof"},"image":{"@id":"https:\/\/www.sonnenhof.li\/en\/#\/schema\/logo\/image\/"},"sameAs":["https:\/\/www.facebook.com\/Sonnenhof.li\/","https:\/\/www.instagram.com\/parkhotel_sonnenhof\/"]}]}},"_links":{"self":[{"href":"https:\/\/www.sonnenhof.li\/en\/wp-json\/wp\/v2\/pages\/5342","targetHints":{"allow":["GET"]}}],"collection":[{"href":"https:\/\/www.sonnenhof.li\/en\/wp-json\/wp\/v2\/pages"}],"about":[{"href":"https:\/\/www.sonnenhof.li\/en\/wp-json\/wp\/v2\/types\/page"}],"author":[{"embeddable":true,"href":"https:\/\/www.sonnenhof.li\/en\/wp-json\/wp\/v2\/users\/2"}],"replies":[{"embeddable":true,"href":"https:\/\/www.sonnenhof.li\/en\/wp-json\/wp\/v2\/comments?post=5342"}],"version-history":[{"count":6,"href":"https:\/\/www.sonnenhof.li\/en\/wp-json\/wp\/v2\/pages\/5342\/revisions"}],"predecessor-version":[{"id":10452,"href":"https:\/\/www.sonnenhof.li\/en\/wp-json\/wp\/v2\/pages\/5342\/revisions\/10452"}],"wp:attachment":[{"href":"https:\/\/www.sonnenhof.li\/en\/wp-json\/wp\/v2\/media?parent=5342"}],"curies":[{"name":"wp","href":"https:\/\/api.w.org\/{rel}","templated":true}]}}