{"id":5347,"date":"2023-04-11T11:33:36","date_gmt":"2023-04-11T11:33:36","guid":{"rendered":"http:\/\/demo.mypits.org:15518\/?page_id=5347"},"modified":"2026-03-13T11:02:57","modified_gmt":"2026-03-13T11:02:57","slug":"autumn-biking","status":"publish","type":"page","link":"https:\/\/www.sonnenhof.li\/en\/autumn-biking\/","title":{"rendered":"Autumn Biking"},"content":{"rendered":"<div class=\"wpb-content-wrapper\"><p>[vc_row][vc_column]<div class=\"inner_page_banner\" >\n                    <img decoding=\"async\" class=\"\" src=\"https:\/\/www.sonnenhof.li\/wp-content\/uploads\/2022\/08\/Bikeausflug-zur-Pfa\u0308lzer-Hu\u0308tte3-Naaftal-01.png\" alt=\"\">\n                    <div class=\"inner_banner_text_wrap\"><p class=\"ban_subtitle\">AUTUMN<\/p>\n                        <p class=\"ban_title\">Biking<\/p>\n                    <\/div><section class=\"room-reservation-form\" id=\"reservationForm\">\n                        \n                        <button class=\"close-btn\" id=\"closeFormBtn\"><\/button>\n        \n                        <div>\n                            <a class=\"button -secondary\" href=\"https:\/\/onepagebooking.com\/park-hotel-sonnenhof?lang=en\" target=\"_blank\">BOOK A ROOM<\/a>\n\n                            <a class=\"button -secondary\" href=\"https:\/\/widget.thefork.com\/en-GB\/4a30ebd8-b648-4e60-8a83-e0c37f3138e5\" target=\"_blank\">BOOK A TABLE<\/a>\n                            \n                            <a class=\"button -secondary\" href=\"https:\/\/shop.e-guma.ch\/parkhotel-sonnenhof-liechtenstein-vaduz\/en\/gift-vouchers\" target=\"_blank\">ORDER VOUCHER<\/a>\n                        <\/div>\n                    <\/section><\/div><div class=\"title_block \"><h6><\/h6>\n                        <h2>Varied bike\/hiking routes and trails up to 2000 meters above sea level offer biking enthusiasts everything their heart desires in autumn.<\/h2><\/div> [vc_row_inner][vc_column_inner]<div class=\"image_content_block\"  ><div class=\"container\">\n\t\t\t\t\t<div class=\"inner_blk_content\">\n\t\t\t\t\t<div class=\"row\"><div class=\"col-md-12 col-lg-7\">\n\t\t\t\t\t\t\t<div class=\"img_lft_wrap\">\n\t\t\t\t\t\t\t\t<img class = \"\" src = \"https:\/\/www.sonnenhof.li\/wp-content\/uploads\/2022\/08\/Idylle-pur-02-880x930.png\" alt=\"\">\n\t\t\t\t\t\t\t<\/div>\n\t\t\t\t\t\t<\/div>\n\t\t\t\t\t\t<div class=\"col-md-12 col-lg-5\">\n\t\t\t\t\t\t\t<div class=\"cnt_ryt\"><p class=\"sub_title\"><\/p>\n\t\t\t\t\t\t\t\t<p class=\"title\">Pure Idyll<\/p>\n\t\t\t\t\t\t\t\t<p class=\"details\">You can cycle throughout the Principality of Liechtenstein by bike, e-bike or mountain bike. The route is peppered with magnificent views and leads through idyllic, autumn-colored vineyards idyllic, shimmering vineyards, nature reserves, old village centers and many sights.<\/p><div class=\"links\"><div class=\"button-link\">\n\t\t\t\t\t\t\t\t\t\t\t\t\t\t\t\t\t\t<a href = \"https:\/\/regio.outdooractive.com\/oar-liechtenstein\/en\/tour\/e-bike\/liechtenstein-trail-with-an-e-bike\/52326816\/\" class=\"read-more\" target=\"_blank\">MORE<\/a>\n\t\t\t\t\t\t\t\t\t\t\t\t\t\t\t\t\t<\/div>\t\t\t<\/div>\n\t\t\t\t\t\t\t<\/div>\n\t\t\t\t\t\t<\/div><\/div>\n\t\t\t\t<\/div>\n\t\t\t<\/div>\n\t\t<\/div><div class=\"image_content_block\"  ><div class=\"container\">\n\t\t\t\t\t<div class=\"inner_blk_content\">\n\t\t\t\t\t<div class=\"row\"><div class=\"col-md-12 col-lg-5\">\n\t\t\t\t\t\t<div class=\"cnt_lft\">\n\t\t\t\t\t\t\t<p class=\"sub_title\"><\/p>\n\t\t\t\t\t\t\t<p class=\"title\">Five Castles<br \/>\nTwo Countries<\/p>\n\t\t\t\t\t\t\t<p class=\"details\">Starting with the Princely Castle in Vaduz discover, by e-bike or standard bike, four other castles, all built within sight of each other on hills that shimmer enchantingly in the autumn light.<\/p><div class=\"links\"><div class=\"button-link\">\n\t\t\t\t\t\t\t\t\t\t\t\t\t\t\t\t\t<a href = \"https:\/\/regio.outdooractive.com\/oar-liechtenstein\/en\/tour\/e-bike\/five-castles-tour-with-the-e-bike\/19878199\/\" class=\"read-more\" target=\"_blank\">MORE<\/a>\n\t\t\t\t\t\t\t\t\t\t\t\t\t\t\t\t<\/div>\t\t\t<\/div>\n\t\t\t\t\t\t<\/div>\n\t\t\t\t\t\t<\/div>\n\t\t\t\t\t\t<div class=\"col-md-12 col-lg-7\">\n\t\t\t\t\t\t\t<div class=\"img_ryt_wrap\">\n\t\t\t\t\t\t\t\t<img class = \"\" src = \"https:\/\/www.sonnenhof.li\/wp-content\/uploads\/2021\/10\/Biken-01-880x930.png\" alt=\"\">\n\t\t\t\t\t\t\t<\/div>\n\t\t\t\t\t\t<\/div><\/div>\n\t\t\t\t<\/div>\n\t\t\t<\/div>\n\t\t<\/div><div class=\"image_content_block\"  ><div class=\"container\">\n\t\t\t\t\t<div class=\"inner_blk_content\">\n\t\t\t\t\t<div class=\"row\"><div class=\"col-md-12 col-lg-7\">\n\t\t\t\t\t\t\t<div class=\"img_lft_wrap\">\n\t\t\t\t\t\t\t\t<img class = \"\" src = \"https:\/\/www.sonnenhof.li\/wp-content\/uploads\/2022\/08\/Zu-Fu\u0308ssen-der-3-Schwestern-01-880x930.png\" alt=\"\">\n\t\t\t\t\t\t\t<\/div>\n\t\t\t\t\t\t<\/div>\n\t\t\t\t\t\t<div class=\"col-md-12 col-lg-5\">\n\t\t\t\t\t\t\t<div class=\"cnt_ryt\"><p class=\"sub_title\"><\/p>\n\t\t\t\t\t\t\t\t<p class=\"title\">At the Feet of the<br \/>\nThree Sisters<\/p>\n\t\t\t\t\t\t\t\t<p class=\"details\">After you have left the last houses behind you, you will head through the autumnal colors of the forest along a natural road past idyllic pastures up to Alp Gafadura. You will be rewarded with breathtaking views.<\/p><div class=\"links\"><div class=\"button-link\">\n\t\t\t\t\t\t\t\t\t\t\t\t\t\t\t\t\t\t<a href = \"https:\/\/regio.outdooractive.com\/oar-liechtenstein\/en\/tour\/mountain-bike\/gafadura-tour\/19878035\/\" class=\"read-more\" target=\"_blank\">MORE<\/a>\n\t\t\t\t\t\t\t\t\t\t\t\t\t\t\t\t\t<\/div>\t\t\t<\/div>\n\t\t\t\t\t\t\t<\/div>\n\t\t\t\t\t\t<\/div><\/div>\n\t\t\t\t<\/div>\n\t\t\t<\/div>\n\t\t<\/div><div class=\"image_content_block\"  ><div class=\"container\">\n\t\t\t\t\t<div class=\"inner_blk_content\">\n\t\t\t\t\t<div class=\"row\"><div class=\"col-md-12 col-lg-5\">\n\t\t\t\t\t\t<div class=\"cnt_lft\">\n\t\t\t\t\t\t\t<p class=\"sub_title\"><\/p>\n\t\t\t\t\t\t\t<p class=\"title\">Highlight! Pf\u00e4lzerhut<\/p>\n\t\t\t\t\t\t\t<p class=\"details\">The tour starts at Steg and leads, on a slight incline, into the Val\u00fcnatal. Behind the alpine buildings the ascent continues towards Alp Gritsch and from there on to the Pf\u00e4lzerh\u00fctte. The climb is demanding and can be mastered by experienced bikers. At the top of the hill you will be rewarded with a magnificent view of the imposing mountain scenery which, here and there, may already be lightly dusted with<br \/>\nthe first snow.<\/p><div class=\"links\"><div class=\"button-link\">\n\t\t\t\t\t\t\t\t\t\t\t\t\t\t\t\t\t<a href = \"https:\/\/regio.outdooractive.com\/oar-liechtenstein\/en\/tour\/mountain-bike\/pfaelzer-hut-tour\/19878048\/\" class=\"read-more\" target=\"_blank\">MORE<\/a>\n\t\t\t\t\t\t\t\t\t\t\t\t\t\t\t\t<\/div>\t\t\t<\/div>\n\t\t\t\t\t\t<\/div>\n\t\t\t\t\t\t<\/div>\n\t\t\t\t\t\t<div class=\"col-md-12 col-lg-7\">\n\t\t\t\t\t\t\t<div class=\"img_ryt_wrap\">\n\t\t\t\t\t\t\t\t<img class = \"\" src = \"https:\/\/www.sonnenhof.li\/wp-content\/uploads\/2022\/08\/Ho\u0308hepunkt-Pfa\u0308lzerhu\u0308tte-02-880x930.png\" alt=\"\">\n\t\t\t\t\t\t\t<\/div>\n\t\t\t\t\t\t<\/div><\/div>\n\t\t\t\t<\/div>\n\t\t\t<\/div>\n\t\t<\/div>[\/vc_column_inner][\/vc_row_inner]<div class=\"content_banner\" >\n\t\t\t\t\t\t\t\t\t\t\t<img class = \"content_banner_img_wrapper\" src = \"https:\/\/www.sonnenhof.li\/wp-content\/uploads\/2022\/08\/biken-01-1.png\" alt=\"\">\n\t\t\t\t\t\t\t\t\t\t\t<div class=\"cnt_ban_ct_wrap\"><p class=\"cnt_sb_txt\"><\/p>\n                                        <p class=\"cnt_title\">More Biking in Autumn?<\/p><a href = \"https:\/\/regio.outdooractive.com\/oar-liechtenstein\/en\/tours\/#filter=r-fullyTranslatedLangus-,r-onlyOpened-,sb-sortedBy-0\" target=\"_blank\">MORE<\/a><\/div>\n\t\t\t\t<\/div>[\/vc_column][\/vc_row]<\/p>\n<\/div>","protected":false},"excerpt":{"rendered":"<p>[vc_row][vc_column][vc_row_inner][vc_column_inner][\/vc_column_inner][\/vc_row_inner][\/vc_column][\/vc_row]<\/p>\n","protected":false},"author":2,"featured_media":0,"parent":0,"menu_order":0,"comment_status":"closed","ping_status":"closed","template":"","meta":{"_acf_changed":false,"footnotes":""},"class_list":["post-5347","page","type-page","status-publish","hentry"],"acf":[],"yoast_head":"<!-- This site is optimized with the Yoast SEO Premium plugin v27.2 (Yoast SEO v27.3) - https:\/\/yoast.com\/product\/yoast-seo-premium-wordpress\/ -->\n<title>Autumn Biking in Liechtenstein | Park Hotel Sonnenhof<\/title>\n<meta name=\"description\" content=\"Discover Liechtenstein while autumn biking! Enjoy varied cycling and mountain bike trails past castles, vineyards, and up to the scenic Alp Gafadura.\" \/>\n<meta name=\"robots\" content=\"index, follow, max-snippet:-1, max-image-preview:large, max-video-preview:-1\" \/>\n<link rel=\"canonical\" href=\"https:\/\/www.sonnenhof.li\/en\/autumn-biking\/\" \/>\n<meta property=\"og:locale\" content=\"en_US\" \/>\n<meta property=\"og:type\" content=\"article\" \/>\n<meta property=\"og:title\" content=\"Autumn Biking in Liechtenstein | Park Hotel Sonnenhof\" \/>\n<meta property=\"og:description\" content=\"Discover Liechtenstein while autumn biking! Enjoy varied cycling and mountain bike trails past castles, vineyards, and up to the scenic Alp Gafadura.\" \/>\n<meta property=\"og:url\" content=\"https:\/\/www.sonnenhof.li\/en\/autumn-biking\/\" \/>\n<meta property=\"og:site_name\" content=\"Park Hotel Sonnenhof\" \/>\n<meta property=\"article:publisher\" content=\"https:\/\/www.facebook.com\/Sonnenhof.li\/\" \/>\n<meta property=\"article:modified_time\" content=\"2026-03-13T11:02:57+00:00\" \/>\n<meta name=\"twitter:card\" content=\"summary_large_image\" \/>\n<meta name=\"twitter:label1\" content=\"Est. reading time\" \/>\n\t<meta name=\"twitter:data1\" content=\"3 minutes\" \/>\n<script type=\"application\/ld+json\" class=\"yoast-schema-graph\">{\"@context\":\"https:\\\/\\\/schema.org\",\"@graph\":[{\"@type\":\"WebPage\",\"@id\":\"https:\\\/\\\/www.sonnenhof.li\\\/en\\\/autumn-biking\\\/\",\"url\":\"https:\\\/\\\/www.sonnenhof.li\\\/en\\\/autumn-biking\\\/\",\"name\":\"Autumn Biking in Liechtenstein | Park Hotel Sonnenhof\",\"isPartOf\":{\"@id\":\"https:\\\/\\\/www.sonnenhof.li\\\/en\\\/#website\"},\"datePublished\":\"2023-04-11T11:33:36+00:00\",\"dateModified\":\"2026-03-13T11:02:57+00:00\",\"description\":\"Discover Liechtenstein while autumn biking! Enjoy varied cycling and mountain bike trails past castles, vineyards, and up to the scenic Alp Gafadura.\",\"inLanguage\":\"en-US\",\"potentialAction\":[{\"@type\":\"ReadAction\",\"target\":[\"https:\\\/\\\/www.sonnenhof.li\\\/en\\\/autumn-biking\\\/\"]}]},{\"@type\":\"WebSite\",\"@id\":\"https:\\\/\\\/www.sonnenhof.li\\\/en\\\/#website\",\"url\":\"https:\\\/\\\/www.sonnenhof.li\\\/en\\\/\",\"name\":\"Park Hotel Sonnenhof\",\"description\":\"Just another WordPress site\",\"publisher\":{\"@id\":\"https:\\\/\\\/www.sonnenhof.li\\\/en\\\/#organization\"},\"potentialAction\":[{\"@type\":\"SearchAction\",\"target\":{\"@type\":\"EntryPoint\",\"urlTemplate\":\"https:\\\/\\\/www.sonnenhof.li\\\/en\\\/?s={search_term_string}\"},\"query-input\":{\"@type\":\"PropertyValueSpecification\",\"valueRequired\":true,\"valueName\":\"search_term_string\"}}],\"inLanguage\":\"en-US\"},{\"@type\":\"Organization\",\"@id\":\"https:\\\/\\\/www.sonnenhof.li\\\/en\\\/#organization\",\"name\":\"Park Hotel Sonnenhof\",\"url\":\"https:\\\/\\\/www.sonnenhof.li\\\/en\\\/\",\"logo\":{\"@type\":\"ImageObject\",\"inLanguage\":\"en-US\",\"@id\":\"https:\\\/\\\/www.sonnenhof.li\\\/en\\\/#\\\/schema\\\/logo\\\/image\\\/\",\"url\":\"https:\\\/\\\/www.sonnenhof.li\\\/wp-content\\\/uploads\\\/2021\\\/10\\\/logo.svg\",\"contentUrl\":\"https:\\\/\\\/www.sonnenhof.li\\\/wp-content\\\/uploads\\\/2021\\\/10\\\/logo.svg\",\"caption\":\"Park Hotel Sonnenhof\"},\"image\":{\"@id\":\"https:\\\/\\\/www.sonnenhof.li\\\/en\\\/#\\\/schema\\\/logo\\\/image\\\/\"},\"sameAs\":[\"https:\\\/\\\/www.facebook.com\\\/Sonnenhof.li\\\/\",\"https:\\\/\\\/www.instagram.com\\\/parkhotel_sonnenhof\\\/\"]}]}<\/script>\n<!-- \/ Yoast SEO Premium plugin. -->","yoast_head_json":{"title":"Autumn Biking in Liechtenstein | Park Hotel Sonnenhof","description":"Discover Liechtenstein while autumn biking! Enjoy varied cycling and mountain bike trails past castles, vineyards, and up to the scenic Alp Gafadura.","robots":{"index":"index","follow":"follow","max-snippet":"max-snippet:-1","max-image-preview":"max-image-preview:large","max-video-preview":"max-video-preview:-1"},"canonical":"https:\/\/www.sonnenhof.li\/en\/autumn-biking\/","og_locale":"en_US","og_type":"article","og_title":"Autumn Biking in Liechtenstein | Park Hotel Sonnenhof","og_description":"Discover Liechtenstein while autumn biking! Enjoy varied cycling and mountain bike trails past castles, vineyards, and up to the scenic Alp Gafadura.","og_url":"https:\/\/www.sonnenhof.li\/en\/autumn-biking\/","og_site_name":"Park Hotel Sonnenhof","article_publisher":"https:\/\/www.facebook.com\/Sonnenhof.li\/","article_modified_time":"2026-03-13T11:02:57+00:00","twitter_card":"summary_large_image","twitter_misc":{"Est. reading time":"3 minutes"},"schema":{"@context":"https:\/\/schema.org","@graph":[{"@type":"WebPage","@id":"https:\/\/www.sonnenhof.li\/en\/autumn-biking\/","url":"https:\/\/www.sonnenhof.li\/en\/autumn-biking\/","name":"Autumn Biking in Liechtenstein | Park Hotel Sonnenhof","isPartOf":{"@id":"https:\/\/www.sonnenhof.li\/en\/#website"},"datePublished":"2023-04-11T11:33:36+00:00","dateModified":"2026-03-13T11:02:57+00:00","description":"Discover Liechtenstein while autumn biking! Enjoy varied cycling and mountain bike trails past castles, vineyards, and up to the scenic Alp Gafadura.","inLanguage":"en-US","potentialAction":[{"@type":"ReadAction","target":["https:\/\/www.sonnenhof.li\/en\/autumn-biking\/"]}]},{"@type":"WebSite","@id":"https:\/\/www.sonnenhof.li\/en\/#website","url":"https:\/\/www.sonnenhof.li\/en\/","name":"Park Hotel Sonnenhof","description":"Just another WordPress site","publisher":{"@id":"https:\/\/www.sonnenhof.li\/en\/#organization"},"potentialAction":[{"@type":"SearchAction","target":{"@type":"EntryPoint","urlTemplate":"https:\/\/www.sonnenhof.li\/en\/?s={search_term_string}"},"query-input":{"@type":"PropertyValueSpecification","valueRequired":true,"valueName":"search_term_string"}}],"inLanguage":"en-US"},{"@type":"Organization","@id":"https:\/\/www.sonnenhof.li\/en\/#organization","name":"Park Hotel Sonnenhof","url":"https:\/\/www.sonnenhof.li\/en\/","logo":{"@type":"ImageObject","inLanguage":"en-US","@id":"https:\/\/www.sonnenhof.li\/en\/#\/schema\/logo\/image\/","url":"https:\/\/www.sonnenhof.li\/wp-content\/uploads\/2021\/10\/logo.svg","contentUrl":"https:\/\/www.sonnenhof.li\/wp-content\/uploads\/2021\/10\/logo.svg","caption":"Park Hotel Sonnenhof"},"image":{"@id":"https:\/\/www.sonnenhof.li\/en\/#\/schema\/logo\/image\/"},"sameAs":["https:\/\/www.facebook.com\/Sonnenhof.li\/","https:\/\/www.instagram.com\/parkhotel_sonnenhof\/"]}]}},"_links":{"self":[{"href":"https:\/\/www.sonnenhof.li\/en\/wp-json\/wp\/v2\/pages\/5347","targetHints":{"allow":["GET"]}}],"collection":[{"href":"https:\/\/www.sonnenhof.li\/en\/wp-json\/wp\/v2\/pages"}],"about":[{"href":"https:\/\/www.sonnenhof.li\/en\/wp-json\/wp\/v2\/types\/page"}],"author":[{"embeddable":true,"href":"https:\/\/www.sonnenhof.li\/en\/wp-json\/wp\/v2\/users\/2"}],"replies":[{"embeddable":true,"href":"https:\/\/www.sonnenhof.li\/en\/wp-json\/wp\/v2\/comments?post=5347"}],"version-history":[{"count":8,"href":"https:\/\/www.sonnenhof.li\/en\/wp-json\/wp\/v2\/pages\/5347\/revisions"}],"predecessor-version":[{"id":10455,"href":"https:\/\/www.sonnenhof.li\/en\/wp-json\/wp\/v2\/pages\/5347\/revisions\/10455"}],"wp:attachment":[{"href":"https:\/\/www.sonnenhof.li\/en\/wp-json\/wp\/v2\/media?parent=5347"}],"curies":[{"name":"wp","href":"https:\/\/api.w.org\/{rel}","templated":true}]}}